{"id":3499,"date":"2025-09-18T11:47:10","date_gmt":"2025-09-18T09:47:10","guid":{"rendered":"https:\/\/www.moeschag.ch\/blog\/"},"modified":"2026-03-06T10:33:51","modified_gmt":"2026-03-06T09:33:51","slug":"blog","status":"publish","type":"page","link":"https:\/\/www.moeschag.ch\/en\/blog\/","title":{"rendered":"Blog"},"content":{"rendered":"<div id=\"block_9032542e3c5f29beb99bacdfd325e8ff\" class=\"block-hero md:border-l-1 md:border-r-1 border-border-15  \">\n    <!-- First wrapper with content -->\n    <div class=\"hero__content grid md:grid-cols-12\">\n                    <h1 class=\"hero__title md:ml-[-0.75rem] col-span-12 md:col-span-4 font-bold text-h1 pr-xs pt-[124px] md:pt-section-padding-t-l pb-xs md:pb-3xl\">\n                Specialist knowledge &amp; innovative solutions            <\/h1>\n        \n        <div class=\"col-span-12 md:col-span-3\"><\/div>\n        \n                    <div class=\"hero__text col-span-12 md:col-span-5 flex w-full items-end justify-end md:pt-section-padding-t-l pb-xl md:pb-3xl typo-off md:-mr-2xs -mr-0\">\n                <div class=\"hero__text-content text-secondary-600 flex-1 gap-m\">\n                    <p>Stay informed with the latest news, product innovations and trends from K. M\u00f6sch AG. Our blog offers expert tips, product news and industry developments so that you are always one step ahead.<\/p>\n                    \n                                    <\/div>\n            <\/div>\n            <\/div>\n\n    <\/div>    <!-- Second wrapper with full image width -->\n    <div class=\"hero__image alignfull relative\">\n        <img decoding=\"async\" width=\"2048\" height=\"1117\" src=\"https:\/\/www.moeschag.ch\/wp-content\/uploads\/2025\/09\/hero-blog-2048x1117-1.jpg\" class=\"hero__img max-h-[530px] w-full object-cover typo-off\" alt=\"\" srcset=\"https:\/\/www.moeschag.ch\/wp-content\/uploads\/2025\/09\/hero-blog-2048x1117-1.jpg 2048w, https:\/\/www.moeschag.ch\/wp-content\/uploads\/2025\/09\/hero-blog-2048x1117-1-300x164.jpg 300w, https:\/\/www.moeschag.ch\/wp-content\/uploads\/2025\/09\/hero-blog-2048x1117-1-1024x559.jpg 1024w, https:\/\/www.moeschag.ch\/wp-content\/uploads\/2025\/09\/hero-blog-2048x1117-1-768x419.jpg 768w, https:\/\/www.moeschag.ch\/wp-content\/uploads\/2025\/09\/hero-blog-2048x1117-1-1536x838.jpg 1536w\" sizes=\"(max-width: 2048px) 100vw, 2048px\" \/>        <div class=\"l-wrap w-full h-full md:border-l-1 md:border-r-1 border-border-15 absolute inset-0 w-full h-full pointer-events-none\">\n        <\/div>\n    <\/div>\n<div id=\"block_4f8bb856d1e54e576d4820c219c774a9\" class=\"block-post-listings md:border-l-1 border-l-border-15 border-collapse  \">\n    <div class=\"post-listings\" \n         data-posts-count=\"9\"\n         data-featured-post-id=\"\"\n         data-nonce=\"fdc1fe2413\">\n                    <!-- Category Filter -->\n            <div class=\"post-listings__filter default-block-spacing-s\">\n                <div class=\"post-listings__filter-list flex flex-wrap gap-4xs md:gap-0\">\n                    <button type=\"button\" \n                            class=\"post-listings__filter-btn btn btn--tab active\" \n                            data-category=\"all\">\n                        All                    <\/button>\n                    \n                                            <button type=\"button\" \n                                class=\"post-listings__filter-btn btn btn--tab\" \n                                data-category=\"general\">\n                            General                        <\/button>\n                                            <button type=\"button\" \n                                class=\"post-listings__filter-btn btn btn--tab\" \n                                data-category=\"news\">\n                            News                        <\/button>\n                                            <button type=\"button\" \n                                class=\"post-listings__filter-btn btn btn--tab\" \n                                data-category=\"trade-fairs\">\n                            Trade fairs                        <\/button>\n                                    <\/div>\n            <\/div>\n                \n                    <!-- Default Header -->\n                        \n                \n                    <!-- Posts Grid -->\n                        <div class=\"post-listings__grid grid grid-cols-1 md:grid-cols-2 lg:grid-cols-3 gap-s md:gap-0\">\n                                                        \n<article class=\"post-listings__card border-1 border-border-15 border-collapse\">\n    <a href=\"https:\/\/www.moeschag.ch\/en\/our-new-website-is-online\/\" class=\"post-card block h-full p-s\" title=\"Our new website is online\">\n        \n                    <div class=\"post-card__image\">\n                <img decoding=\"async\" width=\"682\" height=\"1024\" src=\"https:\/\/www.moeschag.ch\/wp-content\/uploads\/2026\/01\/08.01.26_neue_Website-1-682x1024.png\" class=\"post-card__img w-full object-cover typo-off h-[182px] md:h-[264px] wp-post-image\" alt=\"\" loading=\"lazy\" srcset=\"https:\/\/www.moeschag.ch\/wp-content\/uploads\/2026\/01\/08.01.26_neue_Website-1-682x1024.png 682w, https:\/\/www.moeschag.ch\/wp-content\/uploads\/2026\/01\/08.01.26_neue_Website-1-200x300.png 200w, https:\/\/www.moeschag.ch\/wp-content\/uploads\/2026\/01\/08.01.26_neue_Website-1-768x1153.png 768w, https:\/\/www.moeschag.ch\/wp-content\/uploads\/2026\/01\/08.01.26_neue_Website-1-1023x1536.png 1023w, https:\/\/www.moeschag.ch\/wp-content\/uploads\/2026\/01\/08.01.26_neue_Website-1.png 1066w\" sizes=\"auto, (max-width: 682px) 100vw, 682px\" \/>                \n                                    <div class=\"post-card__categories flex flex-wrap gap-2xs\">\n                                                    <span class=\"post-card__category\">\n                                General                            <\/span>\n                                                    <span class=\"post-card__category\">\n                                News                            <\/span>\n                                            <\/div>\n                            <\/div>\n                \n        <div class=\"post-card__content mt-l flex flex-col flex-grow\">\n            <time class=\"post-card__date text-m font-bold text-secondary-600 mb-2xs\" datetime=\"2026-01-08T06:51:14+01:00\">\n                08.01.2026            <\/time>\n            \n            <h3 class=\"post-card__title font-bold text-h4 typo-off mb-2xs text-secondary-700\">\n                Our new website is online            <\/h3>\n            \n                            <p class=\"post-card__excerpt text-base text-secondary-600\">\n                    New year, new website. We have been working hard on it over the past few weeks and can now finally put it online.                 <\/p>\n                        \n            <div class=\"post-card__cta flex justify-end\">\n                <span class=\"btn-nav-right\">\n                <\/span>\n            <\/div>\n        <\/div>\n        \n    <\/a>\n<\/article>\n                                                        \n<article class=\"post-listings__card border-1 border-border-15 border-collapse\">\n    <a href=\"https:\/\/www.moeschag.ch\/en\/we-are-exhibiting-visit-us-at-the-swiss-plastics-expo-2026-from-20-01-to-22-01-2026\/\" class=\"post-card block h-full p-s\" title=\"We are exhibiting! Visit us at the Swiss Plastics Expo 2026 from 20.01. to 22.01.2026\">\n        \n                    <div class=\"post-card__image\">\n                <img decoding=\"async\" width=\"1024\" height=\"512\" src=\"https:\/\/www.moeschag.ch\/wp-content\/uploads\/2025\/11\/SPE-26_Social-Media-_DE-1024x512.png\" class=\"post-card__img w-full object-cover typo-off h-[182px] md:h-[264px] wp-post-image\" alt=\"\" loading=\"lazy\" srcset=\"https:\/\/www.moeschag.ch\/wp-content\/uploads\/2025\/11\/SPE-26_Social-Media-_DE-1024x512.png 1024w, https:\/\/www.moeschag.ch\/wp-content\/uploads\/2025\/11\/SPE-26_Social-Media-_DE-300x150.png 300w, https:\/\/www.moeschag.ch\/wp-content\/uploads\/2025\/11\/SPE-26_Social-Media-_DE-768x384.png 768w, https:\/\/www.moeschag.ch\/wp-content\/uploads\/2025\/11\/SPE-26_Social-Media-_DE-1536x768.png 1536w, https:\/\/www.moeschag.ch\/wp-content\/uploads\/2025\/11\/SPE-26_Social-Media-_DE-2048x1024.png 2048w\" sizes=\"auto, (max-width: 1024px) 100vw, 1024px\" \/>                \n                                    <div class=\"post-card__categories flex flex-wrap gap-2xs\">\n                                                    <span class=\"post-card__category\">\n                                Trade fairs                            <\/span>\n                                            <\/div>\n                            <\/div>\n                \n        <div class=\"post-card__content mt-l flex flex-col flex-grow\">\n            <time class=\"post-card__date text-m font-bold text-secondary-600 mb-2xs\" datetime=\"2025-11-20T07:46:59+01:00\">\n                20.11.2025            <\/time>\n            \n            <h3 class=\"post-card__title font-bold text-h4 typo-off mb-2xs text-secondary-700\">\n                We are exhibiting! Visit us at the Swiss Plastics Expo 2026 from 20.01. to 22.01.2026            <\/h3>\n            \n                            <p class=\"post-card__excerpt text-base text-secondary-600\">\n                    Visit us in hall &#8220;1&#8221; at stand no. &#8220;B 1045&#8221;.\nWith the voucher code &#8220;66zOt&#8221; you will be there.                <\/p>\n                        \n            <div class=\"post-card__cta flex justify-end\">\n                <span class=\"btn-nav-right\">\n                <\/span>\n            <\/div>\n        <\/div>\n        \n    <\/a>\n<\/article>\n                                                        \n<article class=\"post-listings__card border-1 border-border-15 border-collapse\">\n    <a href=\"https:\/\/www.moeschag.ch\/en\/new-online-store-for-compressed-air-technology-pneumatics\/\" class=\"post-card block h-full p-s\" title=\"New online store for compressed air technology &amp; pneumatics\">\n        \n                    <div class=\"post-card__image\">\n                <img decoding=\"async\" width=\"682\" height=\"1024\" src=\"https:\/\/www.moeschag.ch\/wp-content\/uploads\/2025\/04\/Moesch_Online_Shop_Druckluft_Pneumatik-682x1024.png\" class=\"post-card__img w-full object-cover typo-off h-[182px] md:h-[264px] wp-post-image\" alt=\"\" loading=\"lazy\" srcset=\"https:\/\/www.moeschag.ch\/wp-content\/uploads\/2025\/04\/Moesch_Online_Shop_Druckluft_Pneumatik-682x1024.png 682w, https:\/\/www.moeschag.ch\/wp-content\/uploads\/2025\/04\/Moesch_Online_Shop_Druckluft_Pneumatik-200x300.png 200w, https:\/\/www.moeschag.ch\/wp-content\/uploads\/2025\/04\/Moesch_Online_Shop_Druckluft_Pneumatik-768x1153.png 768w, https:\/\/www.moeschag.ch\/wp-content\/uploads\/2025\/04\/Moesch_Online_Shop_Druckluft_Pneumatik-1023x1536.png 1023w, https:\/\/www.moeschag.ch\/wp-content\/uploads\/2025\/04\/Moesch_Online_Shop_Druckluft_Pneumatik.png 1066w\" sizes=\"auto, (max-width: 682px) 100vw, 682px\" \/>                \n                                    <div class=\"post-card__categories flex flex-wrap gap-2xs\">\n                                                    <span class=\"post-card__category\">\n                                General                            <\/span>\n                                                    <span class=\"post-card__category\">\n                                News                            <\/span>\n                                            <\/div>\n                            <\/div>\n                \n        <div class=\"post-card__content mt-l flex flex-col flex-grow\">\n            <time class=\"post-card__date text-m font-bold text-secondary-600 mb-2xs\" datetime=\"2025-04-25T11:07:14+02:00\">\n                25.04.2025            <\/time>\n            \n            <h3 class=\"post-card__title font-bold text-h4 typo-off mb-2xs text-secondary-700\">\n                New online store for compressed air technology &amp; pneumatics            <\/h3>\n            \n                            <p class=\"post-card__excerpt text-base text-secondary-600\">\n                    We are pleased to inform you that we have moved our compressed air technology &amp; pneumatics online store to a new platform.                <\/p>\n                        \n            <div class=\"post-card__cta flex justify-end\">\n                <span class=\"btn-nav-right\">\n                <\/span>\n            <\/div>\n        <\/div>\n        \n    <\/a>\n<\/article>\n                                                        \n<article class=\"post-listings__card border-1 border-border-15 border-collapse\">\n    <a href=\"https:\/\/www.moeschag.ch\/en\/the-next-generation-takes-the-helm\/\" class=\"post-card block h-full p-s\" title=\"The next generation takes the helm\">\n        \n                    <div class=\"post-card__image\">\n                <img decoding=\"async\" width=\"682\" height=\"1024\" src=\"https:\/\/www.moeschag.ch\/wp-content\/uploads\/2020\/05\/Moesch_Geschaeftsuebergabe_hochformat-682x1024.png\" class=\"post-card__img w-full object-cover typo-off h-[182px] md:h-[264px] wp-post-image\" alt=\"\" loading=\"lazy\" srcset=\"https:\/\/www.moeschag.ch\/wp-content\/uploads\/2020\/05\/Moesch_Geschaeftsuebergabe_hochformat-682x1024.png 682w, https:\/\/www.moeschag.ch\/wp-content\/uploads\/2020\/05\/Moesch_Geschaeftsuebergabe_hochformat-200x300.png 200w, https:\/\/www.moeschag.ch\/wp-content\/uploads\/2020\/05\/Moesch_Geschaeftsuebergabe_hochformat-768x1153.png 768w, https:\/\/www.moeschag.ch\/wp-content\/uploads\/2020\/05\/Moesch_Geschaeftsuebergabe_hochformat-1023x1536.png 1023w, https:\/\/www.moeschag.ch\/wp-content\/uploads\/2020\/05\/Moesch_Geschaeftsuebergabe_hochformat.png 1066w\" sizes=\"auto, (max-width: 682px) 100vw, 682px\" \/>                \n                                    <div class=\"post-card__categories flex flex-wrap gap-2xs\">\n                                                    <span class=\"post-card__category\">\n                                General                            <\/span>\n                                                    <span class=\"post-card__category\">\n                                News                            <\/span>\n                                            <\/div>\n                            <\/div>\n                \n        <div class=\"post-card__content mt-l flex flex-col flex-grow\">\n            <time class=\"post-card__date text-m font-bold text-secondary-600 mb-2xs\" datetime=\"2020-05-13T08:07:00+02:00\">\n                13.05.2020            <\/time>\n            \n            <h3 class=\"post-card__title font-bold text-h4 typo-off mb-2xs text-secondary-700\">\n                The next generation takes the helm            <\/h3>\n            \n                            <p class=\"post-card__excerpt text-base text-secondary-600\">\n                    After more than 28 years as owner and managing director of K. M\u00f6sch AG, Werner M\u00fcller has decided to pass the company on to his two sons, Stefan M\u00fcller and Marc M\u00fcller. And to take a well-deserved retirement.                 <\/p>\n                        \n            <div class=\"post-card__cta flex justify-end\">\n                <span class=\"btn-nav-right\">\n                <\/span>\n            <\/div>\n        <\/div>\n        \n    <\/a>\n<\/article>\n                                                            <\/div>\n            \n                        \n            <div class=\"block pb-5xl w-full\"><\/div>\n            <\/div>\n\n    <\/div><div id=\"block_87480eb70131f5aa9db5cc66ed0ca4b2\" class=\"block-content-number-list bg-primary alignfull  \">\n    <div class=\"cnl\">\n        <div class=\"l-wrap border-l-1 border-l-border-15\">\n            <div class=\"cnl__container md:grid grid-cols-12\">\n            <!-- Left Column: Header, Text, CTA -->\n            <div class=\"cnl__content col-span-5 pt-5xl pb-l mb:default-block-spacing-l md:pl-2xl\">\n                                    <h2 class=\"cnl__header text-h2 font-bold typo-off mb-xs\">\n                        Let&#039;s develop your solution together                    <\/h2>\n                                \n                                    <div class=\"cnl__text typo-off md:pr-5xl text-secondary-600\">\n                        <p>Tell us your technical and operational requirements and our team will develop a solution tailored precisely to them.<\/p>\n                    <\/div>\n                                \n                                    <div class=\"cnl__cta mt-3xl hidden md:block\">\n                        <a class=\"cnl__button btn btn--dark\" href=\"#\">\n                            Let&#039;s get going!                        <\/a>\n                    <\/div>\n                            <\/div>\n\n            <!-- Right Column: Numbered List -->\n                        <div class=\"cnl__list col-span-7 md:pt-section-padding-t-l md:pb-section-padding-b-l md:border-l-1 md:border-l-border-15\">\n                                    <div class=\"cnl__item flex md:pl-l\">\n                        <div class=\"cnl__item-number text-s font-bold mr-l my-s\">\n                            01                        <\/div>\n                        <div class=\"cnl__item-content grid md:grid-cols-12 gap-m md:border-t-1 md:border-t-border-15 py-s w-full\">\n                                                            <h3 class=\"cnl__item-title font-bold text-always-20 md:col-span-5 typo-off md:mt-3xs\">Let us know your requirements<\/h3>\n                                                                                        <div class=\"cnl__item-text typo-off md:col-span-7 text-m md:pr-xl text-secondary-550\">\n                                    <p>Discover how individually manufactured heating elements can make your processes more efficient and reduce energy consumption.<\/p>\n                                <\/div>\n                                                    <\/div>\n                    <\/div>\n                                    <div class=\"cnl__item flex md:pl-l\">\n                        <div class=\"cnl__item-number text-s font-bold mr-l my-s\">\n                            02                        <\/div>\n                        <div class=\"cnl__item-content grid md:grid-cols-12 gap-m md:border-t-1 md:border-t-border-15 py-s w-full\">\n                                                            <h3 class=\"cnl__item-title font-bold text-always-20 md:col-span-5 typo-off md:mt-3xs\">Let&#039;s work together on your solution<\/h3>\n                                                                                        <div class=\"cnl__item-text typo-off md:col-span-7 text-m md:pr-xl text-secondary-550\">\n                                    <p>We work closely with you to optimize your requirements and develop individual solutions.<\/p>\n                                <\/div>\n                                                    <\/div>\n                    <\/div>\n                                    <div class=\"cnl__item flex md:pl-l\">\n                        <div class=\"cnl__item-number text-s font-bold mr-l my-s\">\n                            03                        <\/div>\n                        <div class=\"cnl__item-content grid md:grid-cols-12 gap-m md:border-t-1 md:border-t-border-15 py-s w-full\">\n                                                            <h3 class=\"cnl__item-title font-bold text-always-20 md:col-span-5 typo-off md:mt-3xs\">Customized solution for your requirements<\/h3>\n                                                                                        <div class=\"cnl__item-text typo-off md:col-span-7 text-m md:pr-xl text-secondary-550\">\n                                    <p>Once we have clarified your requirements together, we will draw up an offer that is tailored precisely to your needs.<\/p>\n                                <\/div>\n                                                    <\/div>\n                    <\/div>\n                            <\/div>\n                            <div class=\"cnl__cta mt-3xl block md:hidden pb-section-padding-b-l\">\n                    <a class=\"cnl__button btn btn--dark\" href=\"#\">\n                        Let&#039;s get going!                    <\/a>\n                <\/div>\n                                    <\/div>\n        <\/div>\n    <\/div>\n\n    <\/div>","protected":false},"excerpt":{"rendered":"","protected":false},"author":1,"featured_media":3500,"parent":0,"menu_order":3,"comment_status":"closed","ping_status":"closed","template":"","meta":{"_acf_changed":false,"footnotes":""},"class_list":["post-3499","page","type-page","status-publish","has-post-thumbnail",""],"acf":[],"_links":{"self":[{"href":"https:\/\/www.moeschag.ch\/en\/wp-json\/wp\/v2\/pages\/3499","targetHints":{"allow":["GET"]}}],"collection":[{"href":"https:\/\/www.moeschag.ch\/en\/wp-json\/wp\/v2\/pages"}],"about":[{"href":"https:\/\/www.moeschag.ch\/en\/wp-json\/wp\/v2\/types\/page"}],"author":[{"embeddable":true,"href":"https:\/\/www.moeschag.ch\/en\/wp-json\/wp\/v2\/users\/1"}],"replies":[{"embeddable":true,"href":"https:\/\/www.moeschag.ch\/en\/wp-json\/wp\/v2\/comments?post=3499"}],"version-history":[{"count":1,"href":"https:\/\/www.moeschag.ch\/en\/wp-json\/wp\/v2\/pages\/3499\/revisions"}],"predecessor-version":[{"id":3501,"href":"https:\/\/www.moeschag.ch\/en\/wp-json\/wp\/v2\/pages\/3499\/revisions\/3501"}],"wp:featuredmedia":[{"embeddable":true,"href":"https:\/\/www.moeschag.ch\/en\/wp-json\/wp\/v2\/media\/3500"}],"wp:attachment":[{"href":"https:\/\/www.moeschag.ch\/en\/wp-json\/wp\/v2\/media?parent=3499"}],"curies":[{"name":"wp","href":"https:\/\/api.w.org\/{rel}","templated":true}]}}