{"id":3497,"date":"2025-09-18T11:47:10","date_gmt":"2025-09-18T09:47:10","guid":{"rendered":"https:\/\/www.moeschag.ch\/blog\/"},"modified":"2026-03-06T10:33:51","modified_gmt":"2026-03-06T09:33:51","slug":"blog","status":"publish","type":"page","link":"https:\/\/www.moeschag.ch\/fr\/blog\/","title":{"rendered":"Blog"},"content":{"rendered":"<div id=\"block_de670d7e0baac1c2d87d365968ecbd03\" class=\"block-hero md:border-l-1 md:border-r-1 border-border-15  \">\n    <!-- First wrapper with content -->\n    <div class=\"hero__content grid md:grid-cols-12\">\n                    <h1 class=\"hero__title md:ml-[-0.75rem] col-span-12 md:col-span-4 font-bold text-h1 pr-xs pt-[124px] md:pt-section-padding-t-l pb-xs md:pb-3xl\">\n                Expertise &amp; solutions innovantes            <\/h1>\n        \n        <div class=\"col-span-12 md:col-span-3\"><\/div>\n        \n                    <div class=\"hero__text col-span-12 md:col-span-5 flex w-full items-end justify-end md:pt-section-padding-t-l pb-xl md:pb-3xl typo-off md:-mr-2xs -mr-0\">\n                <div class=\"hero__text-content text-secondary-600 flex-1 gap-m\">\n                    <p>Restez inform\u00e9 avec les derni\u00e8res nouvelles, les nouveaux produits et les tendances de K. M\u00f6sch AG. Notre blog propose des conseils d&rsquo;experts, des nouveaut\u00e9s produits et des \u00e9volutions du secteur pour que vous ayez toujours une longueur d&rsquo;avance. <\/p>\n                    \n                                    <\/div>\n            <\/div>\n            <\/div>\n\n    <\/div>    <!-- Second wrapper with full image width -->\n    <div class=\"hero__image alignfull relative\">\n        <img decoding=\"async\" width=\"2048\" height=\"1117\" src=\"https:\/\/www.moeschag.ch\/wp-content\/uploads\/2025\/09\/hero-blog-2048x1117-1.jpg\" class=\"hero__img max-h-[530px] w-full object-cover typo-off\" alt=\"\" srcset=\"https:\/\/www.moeschag.ch\/wp-content\/uploads\/2025\/09\/hero-blog-2048x1117-1.jpg 2048w, https:\/\/www.moeschag.ch\/wp-content\/uploads\/2025\/09\/hero-blog-2048x1117-1-300x164.jpg 300w, https:\/\/www.moeschag.ch\/wp-content\/uploads\/2025\/09\/hero-blog-2048x1117-1-1024x559.jpg 1024w, https:\/\/www.moeschag.ch\/wp-content\/uploads\/2025\/09\/hero-blog-2048x1117-1-768x419.jpg 768w, https:\/\/www.moeschag.ch\/wp-content\/uploads\/2025\/09\/hero-blog-2048x1117-1-1536x838.jpg 1536w\" sizes=\"(max-width: 2048px) 100vw, 2048px\" \/>        <div class=\"l-wrap w-full h-full md:border-l-1 md:border-r-1 border-border-15 absolute inset-0 w-full h-full pointer-events-none\">\n        <\/div>\n    <\/div>\n<div id=\"block_075592a75fb4ff471a230be17939dac8\" class=\"block-post-listings md:border-l-1 border-l-border-15 border-collapse  \">\n    <div class=\"post-listings\" \n         data-posts-count=\"9\"\n         data-featured-post-id=\"\"\n         data-nonce=\"58d4702124\">\n                    <!-- Category Filter -->\n            <div class=\"post-listings__filter default-block-spacing-s\">\n                <div class=\"post-listings__filter-list flex flex-wrap gap-4xs md:gap-0\">\n                    <button type=\"button\" \n                            class=\"post-listings__filter-btn btn btn--tab active\" \n                            data-category=\"all\">\n                        Tous les                    <\/button>\n                    \n                                            <button type=\"button\" \n                                class=\"post-listings__filter-btn btn btn--tab\" \n                                data-category=\"actualites\">\n                            Actualit\u00e9s                        <\/button>\n                                            <button type=\"button\" \n                                class=\"post-listings__filter-btn btn btn--tab\" \n                                data-category=\"generalites\">\n                            G\u00e9n\u00e9ralit\u00e9s                        <\/button>\n                                            <button type=\"button\" \n                                class=\"post-listings__filter-btn btn btn--tab\" \n                                data-category=\"salons-professionnels\">\n                            Salons professionnels                        <\/button>\n                                    <\/div>\n            <\/div>\n                \n                    <!-- Default Header -->\n                        \n                \n                    <!-- Posts Grid -->\n                        <div class=\"post-listings__grid grid grid-cols-1 md:grid-cols-2 lg:grid-cols-3 gap-s md:gap-0\">\n                                                        \n<article class=\"post-listings__card border-1 border-border-15 border-collapse\">\n    <a href=\"https:\/\/www.moeschag.ch\/fr\/blog\/pt100-vs-pt1000-differences-et-domaines-dapplication\/\" class=\"post-card block h-full p-s\" title=\"PT100 vs. PT1000 : diff\u00e9rences et domaines d&rsquo;application\">\n        \n                    <div class=\"post-card__image\">\n                <img decoding=\"async\" width=\"1024\" height=\"683\" src=\"https:\/\/www.moeschag.ch\/wp-content\/uploads\/2026\/04\/PT100-vs-PT1000-sensor-comparison-1024x683.png\" class=\"post-card__img w-full object-cover typo-off h-[182px] md:h-[264px] wp-post-image\" alt=\"PT100 vs PT1000\" loading=\"lazy\" srcset=\"https:\/\/www.moeschag.ch\/wp-content\/uploads\/2026\/04\/PT100-vs-PT1000-sensor-comparison-e1776088975383.png 1024w, https:\/\/www.moeschag.ch\/wp-content\/uploads\/2026\/04\/PT100-vs-PT1000-sensor-comparison-300x200.png 300w, https:\/\/www.moeschag.ch\/wp-content\/uploads\/2026\/04\/PT100-vs-PT1000-sensor-comparison-768x512.png 768w\" sizes=\"auto, (max-width: 1024px) 100vw, 1024px\" \/>                \n                                    <div class=\"post-card__categories flex flex-wrap gap-2xs\">\n                                                    <span class=\"post-card__category\">\n                                G\u00e9n\u00e9ralit\u00e9s                            <\/span>\n                                            <\/div>\n                            <\/div>\n                \n        <div class=\"post-card__content mt-l flex flex-col flex-grow\">\n            <time class=\"post-card__date text-m font-bold text-secondary-600 mb-2xs\" datetime=\"2026-04-13T16:03:41+02:00\">\n                13 avril 2026            <\/time>\n            \n            <h3 class=\"post-card__title font-bold text-h4 typo-off mb-2xs text-secondary-700\">\n                PT100 vs. PT1000 : diff\u00e9rences et domaines d&rsquo;application            <\/h3>\n            \n                            <p class=\"post-card__excerpt text-base text-secondary-600\">\n                    Les capteurs de temp\u00e9rature Pt font partie des composants de mesure les plus importants dans l&rsquo;industrie et l&rsquo;ing\u00e9nierie.                  <\/p>\n                        \n            <div class=\"post-card__cta flex justify-end\">\n                <span class=\"btn-nav-right\">\n                <\/span>\n            <\/div>\n        <\/div>\n        \n    <\/a>\n<\/article>\n                                                        \n<article class=\"post-listings__card border-1 border-border-15 border-collapse\">\n    <a href=\"https:\/\/www.moeschag.ch\/fr\/blog\/notre-nouveau-site-web-est-en-ligne\/\" class=\"post-card block h-full p-s\" title=\"Notre nouveau site web est en ligne\">\n        \n                    <div class=\"post-card__image\">\n                <img decoding=\"async\" width=\"682\" height=\"1024\" src=\"https:\/\/www.moeschag.ch\/wp-content\/uploads\/2026\/01\/08.01.26_neue_Website-1-682x1024.png\" class=\"post-card__img w-full object-cover typo-off h-[182px] md:h-[264px] wp-post-image\" alt=\"\" loading=\"lazy\" srcset=\"https:\/\/www.moeschag.ch\/wp-content\/uploads\/2026\/01\/08.01.26_neue_Website-1-682x1024.png 682w, https:\/\/www.moeschag.ch\/wp-content\/uploads\/2026\/01\/08.01.26_neue_Website-1-200x300.png 200w, https:\/\/www.moeschag.ch\/wp-content\/uploads\/2026\/01\/08.01.26_neue_Website-1-768x1153.png 768w, https:\/\/www.moeschag.ch\/wp-content\/uploads\/2026\/01\/08.01.26_neue_Website-1-1023x1536.png 1023w, https:\/\/www.moeschag.ch\/wp-content\/uploads\/2026\/01\/08.01.26_neue_Website-1.png 1066w\" sizes=\"auto, (max-width: 682px) 100vw, 682px\" \/>                \n                                    <div class=\"post-card__categories flex flex-wrap gap-2xs\">\n                                                    <span class=\"post-card__category\">\n                                Actualit\u00e9s                            <\/span>\n                                                    <span class=\"post-card__category\">\n                                G\u00e9n\u00e9ralit\u00e9s                            <\/span>\n                                            <\/div>\n                            <\/div>\n                \n        <div class=\"post-card__content mt-l flex flex-col flex-grow\">\n            <time class=\"post-card__date text-m font-bold text-secondary-600 mb-2xs\" datetime=\"2026-01-08T06:51:14+01:00\">\n                8 janvier 2026            <\/time>\n            \n            <h3 class=\"post-card__title font-bold text-h4 typo-off mb-2xs text-secondary-700\">\n                Notre nouveau site web est en ligne            <\/h3>\n            \n                            <p class=\"post-card__excerpt text-base text-secondary-600\">\n                    Nouvelle ann\u00e9e, nouveau site web. Nous y avons travaill\u00e9 intensivement au cours des derni\u00e8res semaines et nous pouvons enfin les mettre en ligne.                <\/p>\n                        \n            <div class=\"post-card__cta flex justify-end\">\n                <span class=\"btn-nav-right\">\n                <\/span>\n            <\/div>\n        <\/div>\n        \n    <\/a>\n<\/article>\n                                                        \n<article class=\"post-listings__card border-1 border-border-15 border-collapse\">\n    <a href=\"https:\/\/www.moeschag.ch\/fr\/blog\/nous-exposons-venez-nous-rendre-visite-a-swiss-plastics-expo-2026-du-20-01-au-22-01-2026\/\" class=\"post-card block h-full p-s\" title=\"Nous exposons ! Venez nous rendre visite \u00e0 Swiss Plastics Expo 2026 du 20.01 au 22.01.2026\">\n        \n                    <div class=\"post-card__image\">\n                <img decoding=\"async\" width=\"1024\" height=\"512\" src=\"https:\/\/www.moeschag.ch\/wp-content\/uploads\/2025\/11\/SPE-26_Social-Media-_DE-1024x512.png\" class=\"post-card__img w-full object-cover typo-off h-[182px] md:h-[264px] wp-post-image\" alt=\"\" loading=\"lazy\" srcset=\"https:\/\/www.moeschag.ch\/wp-content\/uploads\/2025\/11\/SPE-26_Social-Media-_DE-1024x512.png 1024w, https:\/\/www.moeschag.ch\/wp-content\/uploads\/2025\/11\/SPE-26_Social-Media-_DE-300x150.png 300w, https:\/\/www.moeschag.ch\/wp-content\/uploads\/2025\/11\/SPE-26_Social-Media-_DE-768x384.png 768w, https:\/\/www.moeschag.ch\/wp-content\/uploads\/2025\/11\/SPE-26_Social-Media-_DE-1536x768.png 1536w, https:\/\/www.moeschag.ch\/wp-content\/uploads\/2025\/11\/SPE-26_Social-Media-_DE-2048x1024.png 2048w\" sizes=\"auto, (max-width: 1024px) 100vw, 1024px\" \/>                \n                                    <div class=\"post-card__categories flex flex-wrap gap-2xs\">\n                                                    <span class=\"post-card__category\">\n                                Salons professionnels                            <\/span>\n                                            <\/div>\n                            <\/div>\n                \n        <div class=\"post-card__content mt-l flex flex-col flex-grow\">\n            <time class=\"post-card__date text-m font-bold text-secondary-600 mb-2xs\" datetime=\"2025-11-20T07:46:59+01:00\">\n                20 novembre 2025            <\/time>\n            \n            <h3 class=\"post-card__title font-bold text-h4 typo-off mb-2xs text-secondary-700\">\n                Nous exposons ! Venez nous rendre visite \u00e0 Swiss Plastics Expo 2026 du 20.01 au 22.01.2026            <\/h3>\n            \n                            <p class=\"post-card__excerpt text-base text-secondary-600\">\n                    Venez nous rendre visite dans le hall \u00ab\u00a01\u00a0\u00bb au stand n\u00b0 \u00ab\u00a0B 1045\u00a0\u00bb.\nAvec le code promotionnel \u00ab\u00a066zOt\u00a0\u00bb, vous serez de la partie.                <\/p>\n                        \n            <div class=\"post-card__cta flex justify-end\">\n                <span class=\"btn-nav-right\">\n                <\/span>\n            <\/div>\n        <\/div>\n        \n    <\/a>\n<\/article>\n                                                        \n<article class=\"post-listings__card border-1 border-border-15 border-collapse\">\n    <a href=\"https:\/\/www.moeschag.ch\/fr\/blog\/nouvelle-boutique-en-ligne-pour-la-technologie-de-lair-comprime-la-pneumatique\/\" class=\"post-card block h-full p-s\" title=\"Nouvelle boutique en ligne pour la technologie de l&rsquo;air comprim\u00e9 &amp; la pneumatique\">\n        \n                    <div class=\"post-card__image\">\n                <img decoding=\"async\" width=\"682\" height=\"1024\" src=\"https:\/\/www.moeschag.ch\/wp-content\/uploads\/2025\/04\/Moesch_Online_Shop_Druckluft_Pneumatik-682x1024.png\" class=\"post-card__img w-full object-cover typo-off h-[182px] md:h-[264px] wp-post-image\" alt=\"\" loading=\"lazy\" srcset=\"https:\/\/www.moeschag.ch\/wp-content\/uploads\/2025\/04\/Moesch_Online_Shop_Druckluft_Pneumatik-682x1024.png 682w, https:\/\/www.moeschag.ch\/wp-content\/uploads\/2025\/04\/Moesch_Online_Shop_Druckluft_Pneumatik-200x300.png 200w, https:\/\/www.moeschag.ch\/wp-content\/uploads\/2025\/04\/Moesch_Online_Shop_Druckluft_Pneumatik-768x1153.png 768w, https:\/\/www.moeschag.ch\/wp-content\/uploads\/2025\/04\/Moesch_Online_Shop_Druckluft_Pneumatik-1023x1536.png 1023w, https:\/\/www.moeschag.ch\/wp-content\/uploads\/2025\/04\/Moesch_Online_Shop_Druckluft_Pneumatik.png 1066w\" sizes=\"auto, (max-width: 682px) 100vw, 682px\" \/>                \n                                    <div class=\"post-card__categories flex flex-wrap gap-2xs\">\n                                                    <span class=\"post-card__category\">\n                                Actualit\u00e9s                            <\/span>\n                                                    <span class=\"post-card__category\">\n                                G\u00e9n\u00e9ralit\u00e9s                            <\/span>\n                                            <\/div>\n                            <\/div>\n                \n        <div class=\"post-card__content mt-l flex flex-col flex-grow\">\n            <time class=\"post-card__date text-m font-bold text-secondary-600 mb-2xs\" datetime=\"2025-04-25T11:07:14+02:00\">\n                25 avril 2025            <\/time>\n            \n            <h3 class=\"post-card__title font-bold text-h4 typo-off mb-2xs text-secondary-700\">\n                Nouvelle boutique en ligne pour la technologie de l&rsquo;air comprim\u00e9 &amp; la pneumatique            <\/h3>\n            \n                            <p class=\"post-card__excerpt text-base text-secondary-600\">\n                    Nous avons le plaisir de vous annoncer que notre boutique en ligne d\u00e9di\u00e9e aux technologies de l&rsquo;air comprim\u00e9 et aux pneumatiques a \u00e9t\u00e9 mise \u00e0 jour sur une nouvelle plateforme.                <\/p>\n                        \n            <div class=\"post-card__cta flex justify-end\">\n                <span class=\"btn-nav-right\">\n                <\/span>\n            <\/div>\n        <\/div>\n        \n    <\/a>\n<\/article>\n                                                        \n<article class=\"post-listings__card border-1 border-border-15 border-collapse\">\n    <a href=\"https:\/\/www.moeschag.ch\/fr\/blog\/la-prochaine-generation-prend-les-renes\/\" class=\"post-card block h-full p-s\" title=\"La prochaine g\u00e9n\u00e9ration prend les r\u00eanes\">\n        \n                    <div class=\"post-card__image\">\n                <img decoding=\"async\" width=\"682\" height=\"1024\" src=\"https:\/\/www.moeschag.ch\/wp-content\/uploads\/2020\/05\/Moesch_Geschaeftsuebergabe_hochformat-682x1024.png\" class=\"post-card__img w-full object-cover typo-off h-[182px] md:h-[264px] wp-post-image\" alt=\"\" loading=\"lazy\" srcset=\"https:\/\/www.moeschag.ch\/wp-content\/uploads\/2020\/05\/Moesch_Geschaeftsuebergabe_hochformat-682x1024.png 682w, https:\/\/www.moeschag.ch\/wp-content\/uploads\/2020\/05\/Moesch_Geschaeftsuebergabe_hochformat-200x300.png 200w, https:\/\/www.moeschag.ch\/wp-content\/uploads\/2020\/05\/Moesch_Geschaeftsuebergabe_hochformat-768x1153.png 768w, https:\/\/www.moeschag.ch\/wp-content\/uploads\/2020\/05\/Moesch_Geschaeftsuebergabe_hochformat-1023x1536.png 1023w, https:\/\/www.moeschag.ch\/wp-content\/uploads\/2020\/05\/Moesch_Geschaeftsuebergabe_hochformat.png 1066w\" sizes=\"auto, (max-width: 682px) 100vw, 682px\" \/>                \n                                    <div class=\"post-card__categories flex flex-wrap gap-2xs\">\n                                                    <span class=\"post-card__category\">\n                                Actualit\u00e9s                            <\/span>\n                                                    <span class=\"post-card__category\">\n                                G\u00e9n\u00e9ralit\u00e9s                            <\/span>\n                                            <\/div>\n                            <\/div>\n                \n        <div class=\"post-card__content mt-l flex flex-col flex-grow\">\n            <time class=\"post-card__date text-m font-bold text-secondary-600 mb-2xs\" datetime=\"2020-05-13T08:07:00+02:00\">\n                13 mai 2020            <\/time>\n            \n            <h3 class=\"post-card__title font-bold text-h4 typo-off mb-2xs text-secondary-700\">\n                La prochaine g\u00e9n\u00e9ration prend les r\u00eanes            <\/h3>\n            \n                            <p class=\"post-card__excerpt text-base text-secondary-600\">\n                    Apr\u00e8s plus de 28 ans en tant que propri\u00e9taire et directeur de K. M\u00f6sch AG, Werner M\u00fcller a d\u00e9cid\u00e9 de transmettre l&rsquo;entreprise \u00e0 ses deux fils, Stefan M\u00fcller et Marc M\u00fcller. Et de prendre une retraite bien m\u00e9rit\u00e9e.                 <\/p>\n                        \n            <div class=\"post-card__cta flex justify-end\">\n                <span class=\"btn-nav-right\">\n                <\/span>\n            <\/div>\n        <\/div>\n        \n    <\/a>\n<\/article>\n                                                            <\/div>\n            \n                        \n            <div class=\"block pb-5xl w-full\"><\/div>\n            <\/div>\n\n    <\/div><div id=\"block_16e1bcd7942665316c77d5cefa25fe59\" class=\"block-content-number-list bg-primary alignfull  \">\n    <div class=\"cnl\">\n        <div class=\"l-wrap border-l-1 border-l-border-15\">\n            <div class=\"cnl__container md:grid grid-cols-12\">\n            <!-- Left Column: Header, Text, CTA -->\n            <div class=\"cnl__content col-span-5 pt-5xl pb-l mb:default-block-spacing-l md:pl-2xl\">\n                                    <h2 class=\"cnl__header text-h2 font-bold typo-off mb-xs\">\n                        D\u00e9veloppons ensemble votre solution                    <\/h2>\n                                \n                                    <div class=\"cnl__text typo-off md:pr-5xl text-secondary-600\">\n                        <p>Faites-nous part de vos besoins techniques et op\u00e9rationnels et notre \u00e9quipe d\u00e9veloppera une solution exactement adapt\u00e9e.<\/p>\n                    <\/div>\n                                \n                                    <div class=\"cnl__cta mt-3xl hidden md:block\">\n                        <a class=\"cnl__button btn btn--dark\" href=\"#\">\n                            C&#039;est parti !                        <\/a>\n                    <\/div>\n                            <\/div>\n\n            <!-- Right Column: Numbered List -->\n                        <div class=\"cnl__list col-span-7 md:pt-section-padding-t-l md:pb-section-padding-b-l md:border-l-1 md:border-l-border-15\">\n                                    <div class=\"cnl__item flex md:pl-l\">\n                        <div class=\"cnl__item-number text-s font-bold mr-l my-s\">\n                            01                        <\/div>\n                        <div class=\"cnl__item-content grid md:grid-cols-12 gap-m md:border-t-1 md:border-t-border-15 py-s w-full\">\n                                                            <h3 class=\"cnl__item-title font-bold text-always-20 md:col-span-5 typo-off md:mt-3xs\">Faites-nous part de vos exigences<\/h3>\n                                                                                        <div class=\"cnl__item-text typo-off md:col-span-7 text-m md:pr-xl text-secondary-550\">\n                                    <p>D\u00e9couvrez comment les \u00e9l\u00e9ments chauffants personnalis\u00e9s rendent vos processus plus efficaces et r\u00e9duisent la consommation d&rsquo;\u00e9nergie.<\/p>\n                                <\/div>\n                                                    <\/div>\n                    <\/div>\n                                    <div class=\"cnl__item flex md:pl-l\">\n                        <div class=\"cnl__item-number text-s font-bold mr-l my-s\">\n                            02                        <\/div>\n                        <div class=\"cnl__item-content grid md:grid-cols-12 gap-m md:border-t-1 md:border-t-border-15 py-s w-full\">\n                                                            <h3 class=\"cnl__item-title font-bold text-always-20 md:col-span-5 typo-off md:mt-3xs\">Travaillons ensemble \u00e0 votre solution<\/h3>\n                                                                                        <div class=\"cnl__item-text typo-off md:col-span-7 text-m md:pr-xl text-secondary-550\">\n                                    <p>Nous travaillons en \u00e9troite collaboration avec vous afin d&rsquo;optimiser vos besoins et de d\u00e9velopper des solutions personnalis\u00e9es.<\/p>\n                                <\/div>\n                                                    <\/div>\n                    <\/div>\n                                    <div class=\"cnl__item flex md:pl-l\">\n                        <div class=\"cnl__item-number text-s font-bold mr-l my-s\">\n                            03                        <\/div>\n                        <div class=\"cnl__item-content grid md:grid-cols-12 gap-m md:border-t-1 md:border-t-border-15 py-s w-full\">\n                                                            <h3 class=\"cnl__item-title font-bold text-always-20 md:col-span-5 typo-off md:mt-3xs\">Une solution personnalis\u00e9e pour r\u00e9pondre \u00e0 vos besoins<\/h3>\n                                                                                        <div class=\"cnl__item-text typo-off md:col-span-7 text-m md:pr-xl text-secondary-550\">\n                                    <p>Apr\u00e8s avoir d\u00e9fini ensemble vos besoins, nous vous soumettons une offre parfaitement adapt\u00e9e \u00e0 vos besoins.<\/p>\n                                <\/div>\n                                                    <\/div>\n                    <\/div>\n                            <\/div>\n                            <div class=\"cnl__cta mt-3xl block md:hidden pb-section-padding-b-l\">\n                    <a class=\"cnl__button btn btn--dark\" href=\"#\">\n                        C&#039;est parti !                    <\/a>\n                <\/div>\n                                    <\/div>\n        <\/div>\n    <\/div>\n\n    <\/div>","protected":false},"excerpt":{"rendered":"","protected":false},"author":1,"featured_media":1675,"parent":0,"menu_order":3,"comment_status":"closed","ping_status":"closed","template":"","meta":{"_acf_changed":false,"footnotes":""},"class_list":["post-3497","page","type-page","status-publish","has-post-thumbnail",""],"acf":[],"_links":{"self":[{"href":"https:\/\/www.moeschag.ch\/fr\/wp-json\/wp\/v2\/pages\/3497","targetHints":{"allow":["GET"]}}],"collection":[{"href":"https:\/\/www.moeschag.ch\/fr\/wp-json\/wp\/v2\/pages"}],"about":[{"href":"https:\/\/www.moeschag.ch\/fr\/wp-json\/wp\/v2\/types\/page"}],"author":[{"embeddable":true,"href":"https:\/\/www.moeschag.ch\/fr\/wp-json\/wp\/v2\/users\/1"}],"replies":[{"embeddable":true,"href":"https:\/\/www.moeschag.ch\/fr\/wp-json\/wp\/v2\/comments?post=3497"}],"version-history":[{"count":1,"href":"https:\/\/www.moeschag.ch\/fr\/wp-json\/wp\/v2\/pages\/3497\/revisions"}],"predecessor-version":[{"id":3498,"href":"https:\/\/www.moeschag.ch\/fr\/wp-json\/wp\/v2\/pages\/3497\/revisions\/3498"}],"wp:featuredmedia":[{"embeddable":true,"href":"https:\/\/www.moeschag.ch\/fr\/wp-json\/wp\/v2\/media\/1675"}],"wp:attachment":[{"href":"https:\/\/www.moeschag.ch\/fr\/wp-json\/wp\/v2\/media?parent=3497"}],"curies":[{"name":"wp","href":"https:\/\/api.w.org\/{rel}","templated":true}]}}